{"id":160,"date":"2021-06-21T13:06:18","date_gmt":"2021-06-21T11:06:18","guid":{"rendered":"https:\/\/www.seniorwebzwf.frl\/?page_id=160"},"modified":"2023-01-12T11:41:58","modified_gmt":"2023-01-12T10:41:58","slug":"over-ons","status":"publish","type":"page","link":"https:\/\/www.seniorwebzwf.frl\/fy\/over-ons\/","title":{"rendered":"Oer \u00fas"},"content":{"rendered":"\n<figure class=\"wp-block-image alignfull size-full\"><img loading=\"lazy\" decoding=\"async\" width=\"2560\" height=\"276\" src=\"https:\/\/www.seniorwebzwf.frl\/wp-content\/uploads\/2021\/08\/BannerHR-scaled.jpg\" alt=\"\" class=\"wp-image-635\" srcset=\"https:\/\/www.seniorwebzwf.frl\/wp-content\/uploads\/2021\/08\/BannerHR-scaled.jpg 2560w, https:\/\/www.seniorwebzwf.frl\/wp-content\/uploads\/2021\/08\/BannerHR-300x32.jpg 300w, https:\/\/www.seniorwebzwf.frl\/wp-content\/uploads\/2021\/08\/BannerHR-1024x110.jpg 1024w, https:\/\/www.seniorwebzwf.frl\/wp-content\/uploads\/2021\/08\/BannerHR-768x83.jpg 768w, https:\/\/www.seniorwebzwf.frl\/wp-content\/uploads\/2021\/08\/BannerHR-1536x166.jpg 1536w, https:\/\/www.seniorwebzwf.frl\/wp-content\/uploads\/2021\/08\/BannerHR-2048x221.jpg 2048w\" sizes=\"auto, (max-width: 2560px) 100vw, 2560px\" \/><\/figure>\n\n\n\n<p><strong>Us misje<\/strong> is de digitale feardigens fan safolle mooglik senioaren (50+) yn S\u00fadwest Frysl\u00e2n fierder te stimulearjen en te stypjen, sadat se folslein profiteare kinne fan it gemak en de wille dy&#8217;t de digitale wr\u00e2ld harren biedt.<\/p>\n\n\n\n<p><strong>Us wurkgebiet<\/strong> beslacht de gemeenten S\u00fadwest-Frysl\u00e2n en De Fryske Marren. <br>Wy wurkje \u00fat 7 lokaasjes: Balk, Boalsert, De Jouwer, De Lemmer, Makkum, Snits en It Hearrenfean.<\/p>\n\n\n\n<p>Wy dogge dit mei in ent\u00fbsjaste groep fan 40 aktive frijwilligers dy&#8217;t digitaal saakkundich binne en dy&#8217;t jo graach helpe en advisearje. Jo kinne sels gebr\u00fbk fan meitsje fan \u00fas tsjinsten as jo gjin lid binne fan SeniorWeb.<\/p>\n\n\n\n<p><strong>Wy helpe<\/strong> by it wurkjen mei kompjuters, tablets, laptops en mobile tillefoans. Derneist fansels, ek mei it br\u00fbken fan ferskate programma&#8217;s en apps op dizze apparaten.<\/p>\n\n\n\n<p>Wy hawwe saakkundigen foar apparatuer mei Windows, mei it Android-bestjoeringssysteem (bgl. Samsung) en mei iOS (Apple). As in sekere spesjaliteit op in lokaasje net beskikber is, sille wy help regelje fan in oare lokaasje en oars kinne jo fertrouwe op de help fan &#8216;e nasjonale organisaasje fan SeniorWeb.<\/p>\n\n\n\n<div style=\"height:34px\" aria-hidden=\"true\" class=\"wp-block-spacer\"><\/div>\n","protected":false},"excerpt":{"rendered":"<p>Us misje is de digitale feardigens fan safolle mooglik senioaren (50+) yn S\u00fadwest Frysl\u00e2n fierder te stimulearjen en te stypjen, sadat se folslein profiteare kinne fan it gemak en de wille dy&#8217;t de digitale wr\u00e2ld harren biedt. Us wurkgebiet beslacht de gemeenten S\u00fadwest-Frysl\u00e2n en De Fryske Marren. Wy wurkje \u00fat 7 lokaasjes: Balk, Boalsert, De [&hellip;]<\/p>\n","protected":false},"author":1,"featured_media":0,"parent":0,"menu_order":0,"comment_status":"closed","ping_status":"closed","template":"","meta":{"_monsterinsights_skip_tracking":false,"_monsterinsights_sitenote_active":false,"_monsterinsights_sitenote_note":"","_monsterinsights_sitenote_category":0,"site-sidebar-layout":"default","site-content-layout":"default","ast-site-content-layout":"","site-content-style":"default","site-sidebar-style":"default","ast-global-header-display":"","ast-banner-title-visibility":"","ast-main-header-display":"","ast-hfb-above-header-display":"","ast-hfb-below-header-display":"","ast-hfb-mobile-header-display":"","site-post-title":"","ast-breadcrumbs-content":"","ast-featured-img":"","footer-sml-layout":"","theme-transparent-header-meta":"default","adv-header-id-meta":"","stick-header-meta":"","header-above-stick-meta":"","header-main-stick-meta":"","header-below-stick-meta":"","astra-migrate-meta-layouts":"default","ast-page-background-enabled":"default","ast-page-background-meta":{"desktop":{"background-color":"","background-image":"","background-repeat":"repeat","background-position":"center center","background-size":"auto","background-attachment":"scroll","background-type":"","background-media":"","overlay-type":"","overlay-color":"","overlay-gradient":""},"tablet":{"background-color":"","background-image":"","background-repeat":"repeat","background-position":"center center","background-size":"auto","background-attachment":"scroll","background-type":"","background-media":"","overlay-type":"","overlay-color":"","overlay-gradient":""},"mobile":{"background-color":"","background-image":"","background-repeat":"repeat","background-position":"center center","background-size":"auto","background-attachment":"scroll","background-type":"","background-media":"","overlay-type":"","overlay-color":"","overlay-gradient":""}},"ast-content-background-meta":{"desktop":{"background-color":"var(--ast-global-color-5)","background-image":"","background-repeat":"repeat","background-position":"center center","background-size":"auto","background-attachment":"scroll","background-type":"","background-media":"","overlay-type":"","overlay-color":"","overlay-gradient":""},"tablet":{"background-color":"var(--ast-global-color-5)","background-image":"","background-repeat":"repeat","background-position":"center center","background-size":"auto","background-attachment":"scroll","background-type":"","background-media":"","overlay-type":"","overlay-color":"","overlay-gradient":""},"mobile":{"background-color":"var(--ast-global-color-5)","background-image":"","background-repeat":"repeat","background-position":"center center","background-size":"auto","background-attachment":"scroll","background-type":"","background-media":"","overlay-type":"","overlay-color":"","overlay-gradient":""}},"footnotes":""},"class_list":["post-160","page","type-page","status-publish","hentry"],"translation":{"provider":"WPGlobus","version":"3.0.2","language":"fy","enabled_languages":["nl","fy"],"languages":{"nl":{"title":true,"content":true,"excerpt":false},"fy":{"title":true,"content":true,"excerpt":false}}},"aioseo_notices":[],"_links":{"self":[{"href":"https:\/\/www.seniorwebzwf.frl\/fy\/wp-json\/wp\/v2\/pages\/160","targetHints":{"allow":["GET"]}}],"collection":[{"href":"https:\/\/www.seniorwebzwf.frl\/fy\/wp-json\/wp\/v2\/pages"}],"about":[{"href":"https:\/\/www.seniorwebzwf.frl\/fy\/wp-json\/wp\/v2\/types\/page"}],"author":[{"embeddable":true,"href":"https:\/\/www.seniorwebzwf.frl\/fy\/wp-json\/wp\/v2\/users\/1"}],"replies":[{"embeddable":true,"href":"https:\/\/www.seniorwebzwf.frl\/fy\/wp-json\/wp\/v2\/comments?post=160"}],"version-history":[{"count":42,"href":"https:\/\/www.seniorwebzwf.frl\/fy\/wp-json\/wp\/v2\/pages\/160\/revisions"}],"predecessor-version":[{"id":1606,"href":"https:\/\/www.seniorwebzwf.frl\/fy\/wp-json\/wp\/v2\/pages\/160\/revisions\/1606"}],"wp:attachment":[{"href":"https:\/\/www.seniorwebzwf.frl\/fy\/wp-json\/wp\/v2\/media?parent=160"}],"curies":[{"name":"wp","href":"https:\/\/api.w.org\/{rel}","templated":true}]}}