{"id":152,"date":"2021-06-21T12:58:59","date_gmt":"2021-06-21T10:58:59","guid":{"rendered":"https:\/\/www.seniorwebzwf.frl\/?page_id=152"},"modified":"2026-01-11T16:46:22","modified_gmt":"2026-01-11T15:46:22","slug":"bestuur","status":"publish","type":"page","link":"https:\/\/www.seniorwebzwf.frl\/fy\/bestuur\/","title":{"rendered":"De stifting Seniorweb Zuidwest Friesland"},"content":{"rendered":"\n<figure class=\"wp-block-image alignfull size-large\"><img loading=\"lazy\" decoding=\"async\" width=\"1024\" height=\"110\" src=\"https:\/\/www.seniorwebzwf.frl\/wp-content\/uploads\/2021\/08\/BannerHR-1024x110.jpg\" alt=\"\" class=\"wp-image-635\" srcset=\"https:\/\/www.seniorwebzwf.frl\/wp-content\/uploads\/2021\/08\/BannerHR-1024x110.jpg 1024w, https:\/\/www.seniorwebzwf.frl\/wp-content\/uploads\/2021\/08\/BannerHR-300x32.jpg 300w, https:\/\/www.seniorwebzwf.frl\/wp-content\/uploads\/2021\/08\/BannerHR-768x83.jpg 768w, https:\/\/www.seniorwebzwf.frl\/wp-content\/uploads\/2021\/08\/BannerHR-1536x166.jpg 1536w, https:\/\/www.seniorwebzwf.frl\/wp-content\/uploads\/2021\/08\/BannerHR-2048x221.jpg 2048w\" sizes=\"auto, (max-width: 1024px) 100vw, 1024px\" \/><\/figure>\n\n\n\n<figure class=\"wp-block-table\"><table><tbody><tr><td>Offisjele namme<\/td><td>Stichting SeniorWeb Zuidwest Friesland<\/td><\/tr><tr><td>KvK n\u00fbmer<\/td><td>01108626<\/td><\/tr><tr><td>Tel.n\u00fb. \/ e-mail<\/td><td>0513 785 898 \/ info@seniorwebzwf.frl <\/td><\/tr><\/tbody><\/table><\/figure>\n\n\n\n<div style=\"height:17px\" aria-hidden=\"true\" class=\"wp-block-spacer\"><\/div>\n\n\n\n<p><strong>Gearstelling bestjoer:<\/strong><\/p>\n\n\n\n<p>It bestjoer fan de stifting bestiet \u00fat tenminste 5 leden en h\u00e2ldt tafersjoch op de algemiene gong fan saken fan de stichting en stelt begrutting, jierrekken en beliedsplannen fan de stichting f\u00east.<\/p>\n\n\n\n<p>De leden fan it bestjoer hawwe ynsicht en \u00fbnderfining op bestjoerlik, organisatoarisch en finansjeel gebiet, dat se ynsette foar de stifting SeniorWeb S\u00fadwest Frysl\u00e2n. De leden steane s\u00fbnder betingst en betrouber achter de doelen fan de stichting en beoefenje gjin oare funksjes dy\u2019t as belangeferfrisseling oanmurken wurde kinne.<\/p>\n\n\n\n<p>Derneist binne sy goed yntegreare yn de Fryske maatskippij en hawwe draachflak by relevante groepearringen.<\/p>\n\n\n\n<figure class=\"wp-block-table\"><table><tbody><tr><td>Foarsitter: P. de Vlugt<\/td><td>Skriuwer: J.C. Bouter<\/td><td>Pongh\u00e2lder: L. Kooistra<\/td><\/tr><tr><td>Regio Balk: E. Kamminga<\/td><td>Regio Boalsert: R. Yedema<\/td><td>Regio De Jouwer: K. Hitman<\/td><\/tr><tr><td>Regio De Lemmer: R. Tazelaar<\/td><td>Regio Makkum: P. de Vlugt<\/td><td>Regio Snits: L. Slippens<\/td><\/tr><tr><td>Regio It Hearrenfean: J.C. Bouter<\/td><td><\/td><td><\/td><\/tr><\/tbody><\/table><\/figure>\n\n\n\n<div style=\"height:19px\" aria-hidden=\"true\" class=\"wp-block-spacer\"><\/div>\n\n\n\n<p><strong>Beleanningsbelied:<\/strong><\/p>\n\n\n\n<p>De bestjoerders fan de stifting \u00fbntfange allinnich in fergoeding foar makke \u00fbnkosten. Sy \u00fbntfange gjin fergoeding foar it bywenjen fan gearkomsten.<\/p>\n\n\n\n<div style=\"height:22px\" aria-hidden=\"true\" class=\"wp-block-spacer\"><\/div>\n\n\n\n<p><strong>De stifting hat as doel:<\/strong><\/p>\n\n\n\n<ul class=\"wp-block-list\">\n<li>it befoarderjen fan de partisipaasje oan nije \u00fbntwikkelingen op it m\u00ead fan ynformaasjetechnology fan senioaren en organisaasjes en ynstellings dy\u2019t mei en foar senioaren wurkje;<\/li>\n\n\n\n<li>it ferrjochtsjen fan alle fierdere hannelingen, dy\u2019t mei it hjirfoar neamde yn de romste sin ferb\u00e2n h\u00e2lde of derta befoarderlik w\u00eaze kinne;<\/li>\n\n\n\n<li>it doel is net it meitsjen fan winst.<\/li>\n<\/ul>\n\n\n\n<div style=\"height:18px\" aria-hidden=\"true\" class=\"wp-block-spacer\"><\/div>\n\n\n\n<p><strong>De stifting besiket har doelen \u00fbnder mear te ferw\u00eazentlikjen troch:<\/strong><\/p>\n\n\n\n<ul class=\"wp-block-list\">\n<li>it stimulearjen fan de \u00fbntwikkeling en it br\u00fbken fan nije tapassings fan ynformaasjetechnology, mei as doel de fergrutting fan de selsstannichheid, \u00fbn\u00f4fhinklikheid en partisipaasje fan \u00e2lderen yn de maatskippij; <\/li>\n\n\n\n<li>it bieden fan in kwalitatyf goed oanbod oan opliedingsmooglikheden spesjaal foar de \u00e2lderein, mei namme de ynrjochting en ynst\u00e2nh\u00e2lding fan learsintra, rjochte op it br\u00fbken fan telematika; <\/li>\n\n\n\n<li>it opdwaan fan de nedige middels; <\/li>\n\n\n\n<li>it besteegjen fan de troch de oerheid en oaren ta foldwaan stelde middels.<\/li>\n<\/ul>\n\n\n\n<p><strong>Ferslach aktiviteiten \u00f4fr\u00fbne jier:<\/strong><\/p>\n\n\n\n<p><a rel=\"noreferrer noopener\" href=\"https:\/\/www.seniorwebzwf.frl\/wp-content\/uploads\/2021\/10\/Webdocument-Activiteitenverslag-2020-2021.pdf\" target=\"_blank\">Aktiviteitenferslach seizoen 2020\/2021<\/a><\/p>\n","protected":false},"excerpt":{"rendered":"<p>Offisjele namme Stichting SeniorWeb Zuidwest Friesland KvK n\u00fbmer 01108626 Tel.n\u00fb. \/ e-mail 0513 785 898 \/ info@seniorwebzwf.frl Gearstelling bestjoer: It bestjoer fan de stifting bestiet \u00fat tenminste 5 leden en h\u00e2ldt tafersjoch op de algemiene gong fan saken fan de stichting en stelt begrutting, jierrekken en beliedsplannen fan de stichting f\u00east. De leden fan it [&hellip;]<\/p>\n","protected":false},"author":1,"featured_media":0,"parent":0,"menu_order":0,"comment_status":"closed","ping_status":"closed","template":"","meta":{"_monsterinsights_skip_tracking":false,"_monsterinsights_sitenote_active":false,"_monsterinsights_sitenote_note":"","_monsterinsights_sitenote_category":0,"site-sidebar-layout":"no-sidebar","site-content-layout":"default","ast-site-content-layout":"default","site-content-style":"default","site-sidebar-style":"default","ast-global-header-display":"","ast-banner-title-visibility":"","ast-main-header-display":"","ast-hfb-above-header-display":"","ast-hfb-below-header-display":"","ast-hfb-mobile-header-display":"","site-post-title":"disabled","ast-breadcrumbs-content":"","ast-featured-img":"","footer-sml-layout":"","theme-transparent-header-meta":"default","adv-header-id-meta":"","stick-header-meta":"","header-above-stick-meta":"","header-main-stick-meta":"","header-below-stick-meta":"","astra-migrate-meta-layouts":"set","ast-page-background-enabled":"default","ast-page-background-meta":{"desktop":{"background-color":"","background-image":"","background-repeat":"repeat","background-position":"center center","background-size":"auto","background-attachment":"scroll","background-type":"","background-media":"","overlay-type":"","overlay-color":"","overlay-gradient":""},"tablet":{"background-color":"","background-image":"","background-repeat":"repeat","background-position":"center center","background-size":"auto","background-attachment":"scroll","background-type":"","background-media":"","overlay-type":"","overlay-color":"","overlay-gradient":""},"mobile":{"background-color":"","background-image":"","background-repeat":"repeat","background-position":"center center","background-size":"auto","background-attachment":"scroll","background-type":"","background-media":"","overlay-type":"","overlay-color":"","overlay-gradient":""}},"ast-content-background-meta":{"desktop":{"background-color":"var(--ast-global-color-5)","background-image":"","background-repeat":"repeat","background-position":"center center","background-size":"auto","background-attachment":"scroll","background-type":"","background-media":"","overlay-type":"","overlay-color":"","overlay-gradient":""},"tablet":{"background-color":"var(--ast-global-color-5)","background-image":"","background-repeat":"repeat","background-position":"center center","background-size":"auto","background-attachment":"scroll","background-type":"","background-media":"","overlay-type":"","overlay-color":"","overlay-gradient":""},"mobile":{"background-color":"var(--ast-global-color-5)","background-image":"","background-repeat":"repeat","background-position":"center center","background-size":"auto","background-attachment":"scroll","background-type":"","background-media":"","overlay-type":"","overlay-color":"","overlay-gradient":""}},"footnotes":""},"class_list":["post-152","page","type-page","status-publish","hentry"],"translation":{"provider":"WPGlobus","version":"3.0.2","language":"fy","enabled_languages":["nl","fy"],"languages":{"nl":{"title":true,"content":true,"excerpt":false},"fy":{"title":true,"content":true,"excerpt":false}}},"aioseo_notices":[],"_links":{"self":[{"href":"https:\/\/www.seniorwebzwf.frl\/fy\/wp-json\/wp\/v2\/pages\/152","targetHints":{"allow":["GET"]}}],"collection":[{"href":"https:\/\/www.seniorwebzwf.frl\/fy\/wp-json\/wp\/v2\/pages"}],"about":[{"href":"https:\/\/www.seniorwebzwf.frl\/fy\/wp-json\/wp\/v2\/types\/page"}],"author":[{"embeddable":true,"href":"https:\/\/www.seniorwebzwf.frl\/fy\/wp-json\/wp\/v2\/users\/1"}],"replies":[{"embeddable":true,"href":"https:\/\/www.seniorwebzwf.frl\/fy\/wp-json\/wp\/v2\/comments?post=152"}],"version-history":[{"count":65,"href":"https:\/\/www.seniorwebzwf.frl\/fy\/wp-json\/wp\/v2\/pages\/152\/revisions"}],"predecessor-version":[{"id":2352,"href":"https:\/\/www.seniorwebzwf.frl\/fy\/wp-json\/wp\/v2\/pages\/152\/revisions\/2352"}],"wp:attachment":[{"href":"https:\/\/www.seniorwebzwf.frl\/fy\/wp-json\/wp\/v2\/media?parent=152"}],"curies":[{"name":"wp","href":"https:\/\/api.w.org\/{rel}","templated":true}]}}