{"id":124,"date":"2021-06-21T11:53:47","date_gmt":"2021-06-21T09:53:47","guid":{"rendered":"https:\/\/www.seniorwebzwf.frl\/?page_id=124"},"modified":"2025-11-14T10:34:07","modified_gmt":"2025-11-14T09:34:07","slug":"neem-meteen-contact-op","status":"publish","type":"page","link":"https:\/\/www.seniorwebzwf.frl\/fy\/neem-meteen-contact-op\/","title":{"rendered":"Stel daliks jo fraach"},"content":{"rendered":"\n<figure class=\"wp-block-image alignfull size-full\"><img loading=\"lazy\" decoding=\"async\" width=\"2560\" height=\"276\" src=\"https:\/\/www.seniorwebzwf.frl\/wp-content\/uploads\/2021\/08\/BannerHR-scaled.jpg\" alt=\"\" class=\"wp-image-635\" srcset=\"https:\/\/www.seniorwebzwf.frl\/wp-content\/uploads\/2021\/08\/BannerHR-scaled.jpg 2560w, https:\/\/www.seniorwebzwf.frl\/wp-content\/uploads\/2021\/08\/BannerHR-300x32.jpg 300w, https:\/\/www.seniorwebzwf.frl\/wp-content\/uploads\/2021\/08\/BannerHR-1024x110.jpg 1024w, https:\/\/www.seniorwebzwf.frl\/wp-content\/uploads\/2021\/08\/BannerHR-768x83.jpg 768w, https:\/\/www.seniorwebzwf.frl\/wp-content\/uploads\/2021\/08\/BannerHR-1536x166.jpg 1536w, https:\/\/www.seniorwebzwf.frl\/wp-content\/uploads\/2021\/08\/BannerHR-2048x221.jpg 2048w\" sizes=\"auto, (max-width: 2560px) 100vw, 2560px\" \/><\/figure>\n\n\n\n<div style=\"height:31px\" aria-hidden=\"true\" class=\"wp-block-spacer\"><\/div>\n\n\n\n<h2 class=\"has-black-color has-text-color wp-block-heading\">Skilje nei ien fan de telefoann\u00fbmers hjir\u00fbnder<\/h2>\n\n\n\n<h2 class=\"has-black-color has-text-color wp-block-heading\">of br\u00fbk it&nbsp;<a href=\"https:\/\/www.seniorwebzwf.frl\/fy\/contact\/\">kontaktfoarm<\/a>.<\/h2>\n\n\n\n<h2 class=\"wp-block-heading\">Lokaasjes<\/h2>\n\n\n\n<figure class=\"wp-block-table\"><table><tbody><tr><td><strong><em>Regio<\/em><\/strong><\/td><td><strong><em>Telefoann\u00fbmer<\/em><\/strong><\/td><td><strong><em>Ko\u00f6rdinator<\/em><\/strong><\/td><\/tr><tr><td>Balk<\/td><td>0514 602967<\/td><td>Sjoerd Riemersma<\/td><\/tr><tr><td><img decoding=\"async\" class=\"wp-image-577\" style=\"width: 150px;\" src=\"https:\/\/www.seniorwebzwf.frl\/wp-content\/uploads\/2021\/08\/SeniorWeb-Makkum-1.jpg\" alt=\"\">Makkum<\/td><td>0651 345479<\/td><td>Popke de Vlugt<\/td><\/tr><tr><td>De Jouwer<\/td><td>0513 415670<\/td><td>Korry Hitman<\/td><\/tr><tr><td>Snits<\/td><td>0638 114628<\/td><td>Leo Slippens<\/td><\/tr><tr><td>De Lemmer<\/td><td>0650 681652<\/td><td>Rohinda Tazelaar<\/td><\/tr><tr><td>Boalsert<\/td><td>0515 575603<\/td><td>Ren\u00e9 Yedema<\/td><\/tr><tr><td>It Hearrenfean<\/td><td>0644 591658<\/td><td>Kees Bouter (a.i.)<\/td><\/tr><\/tbody><\/table><\/figure>\n\n\n\n<div style=\"height:31px\" aria-hidden=\"true\" class=\"wp-block-spacer\"><\/div>\n\n\n\n<h2 class=\"wp-block-heading\">Sekretariaat Stichting SeniorWeb S\u00fadwest Frysl\u00e2n<\/h2>\n\n\n\n<figure class=\"wp-block-table\"><table><tbody><tr><td>Skriuwer<\/td><td>Kees Bouter<\/td><\/tr><tr><td>Postadres<\/td><td>Zuiderveldhof 5, 8501 HP De Jouwer<\/td><\/tr><tr><td>Telefoan<\/td><td>0644 591658<\/td><\/tr><\/tbody><\/table><\/figure>\n\n\n\n<div style=\"height:37px\" aria-hidden=\"true\" class=\"wp-block-spacer\"><\/div>\n\n\n\n<p><a href=\"https:\/\/www.seniorwebzwf.frl\/neem-meteen-contact-op\/\" target=\"_blank\" rel=\"noreferrer noopener\"><\/a><\/p>\n","protected":false},"excerpt":{"rendered":"<p>Skilje nei ien fan de telefoann\u00fbmers hjir\u00fbnder of br\u00fbk it&nbsp;kontaktfoarm. Lokaasjes Regio Telefoann\u00fbmer Ko\u00f6rdinator Balk 0514 602967 Sjoerd Riemersma Makkum 0651 345479 Popke de Vlugt De Jouwer 0513 415670 Korry Hitman Snits 0638 114628 Leo Slippens De Lemmer 0650 681652 Rohinda Tazelaar Boalsert 0515 575603 Ren\u00e9 Yedema It Hearrenfean 0644 591658 Kees Bouter (a.i.) Sekretariaat [&hellip;]<\/p>\n","protected":false},"author":1,"featured_media":0,"parent":0,"menu_order":0,"comment_status":"closed","ping_status":"closed","template":"","meta":{"_monsterinsights_skip_tracking":false,"_monsterinsights_sitenote_active":false,"_monsterinsights_sitenote_note":"","_monsterinsights_sitenote_category":0,"site-sidebar-layout":"default","site-content-layout":"default","ast-site-content-layout":"default","site-content-style":"default","site-sidebar-style":"default","ast-global-header-display":"","ast-banner-title-visibility":"","ast-main-header-display":"","ast-hfb-above-header-display":"","ast-hfb-below-header-display":"","ast-hfb-mobile-header-display":"","site-post-title":"disabled","ast-breadcrumbs-content":"","ast-featured-img":"","footer-sml-layout":"","theme-transparent-header-meta":"default","adv-header-id-meta":"","stick-header-meta":"","header-above-stick-meta":"","header-main-stick-meta":"","header-below-stick-meta":"","astra-migrate-meta-layouts":"set","ast-page-background-enabled":"default","ast-page-background-meta":{"desktop":{"background-color":"","background-image":"","background-repeat":"repeat","background-position":"center center","background-size":"auto","background-attachment":"scroll","background-type":"","background-media":"","overlay-type":"","overlay-color":"","overlay-gradient":""},"tablet":{"background-color":"","background-image":"","background-repeat":"repeat","background-position":"center center","background-size":"auto","background-attachment":"scroll","background-type":"","background-media":"","overlay-type":"","overlay-color":"","overlay-gradient":""},"mobile":{"background-color":"","background-image":"","background-repeat":"repeat","background-position":"center center","background-size":"auto","background-attachment":"scroll","background-type":"","background-media":"","overlay-type":"","overlay-color":"","overlay-gradient":""}},"ast-content-background-meta":{"desktop":{"background-color":"var(--ast-global-color-5)","background-image":"","background-repeat":"repeat","background-position":"center center","background-size":"auto","background-attachment":"scroll","background-type":"","background-media":"","overlay-type":"","overlay-color":"","overlay-gradient":""},"tablet":{"background-color":"var(--ast-global-color-5)","background-image":"","background-repeat":"repeat","background-position":"center center","background-size":"auto","background-attachment":"scroll","background-type":"","background-media":"","overlay-type":"","overlay-color":"","overlay-gradient":""},"mobile":{"background-color":"var(--ast-global-color-5)","background-image":"","background-repeat":"repeat","background-position":"center center","background-size":"auto","background-attachment":"scroll","background-type":"","background-media":"","overlay-type":"","overlay-color":"","overlay-gradient":""}},"footnotes":""},"class_list":["post-124","page","type-page","status-publish","hentry"],"translation":{"provider":"WPGlobus","version":"3.0.2","language":"fy","enabled_languages":["nl","fy"],"languages":{"nl":{"title":true,"content":true,"excerpt":false},"fy":{"title":true,"content":true,"excerpt":false}}},"aioseo_notices":[],"_links":{"self":[{"href":"https:\/\/www.seniorwebzwf.frl\/fy\/wp-json\/wp\/v2\/pages\/124","targetHints":{"allow":["GET"]}}],"collection":[{"href":"https:\/\/www.seniorwebzwf.frl\/fy\/wp-json\/wp\/v2\/pages"}],"about":[{"href":"https:\/\/www.seniorwebzwf.frl\/fy\/wp-json\/wp\/v2\/types\/page"}],"author":[{"embeddable":true,"href":"https:\/\/www.seniorwebzwf.frl\/fy\/wp-json\/wp\/v2\/users\/1"}],"replies":[{"embeddable":true,"href":"https:\/\/www.seniorwebzwf.frl\/fy\/wp-json\/wp\/v2\/comments?post=124"}],"version-history":[{"count":88,"href":"https:\/\/www.seniorwebzwf.frl\/fy\/wp-json\/wp\/v2\/pages\/124\/revisions"}],"predecessor-version":[{"id":2253,"href":"https:\/\/www.seniorwebzwf.frl\/fy\/wp-json\/wp\/v2\/pages\/124\/revisions\/2253"}],"wp:attachment":[{"href":"https:\/\/www.seniorwebzwf.frl\/fy\/wp-json\/wp\/v2\/media?parent=124"}],"curies":[{"name":"wp","href":"https:\/\/api.w.org\/{rel}","templated":true}]}}